{"id":14,"date":"2019-04-25T16:00:59","date_gmt":"2019-04-25T16:00:59","guid":{"rendered":"https:\/\/a-sachse.de\/wo\/?page_id=14"},"modified":"2022-05-13T19:35:10","modified_gmt":"2022-05-13T17:35:10","slug":"impressum","status":"publish","type":"page","link":"https:\/\/a-sachse.de\/wo\/impressum\/","title":{"rendered":"impressum"},"content":{"rendered":"<p><a>Anbieter:<\/a><\/p>\n<p>Andreas Sachsenmaier, Kinzigstra\u00dfe 9, 10247 Berlin<br \/>\nTelefon: ++49 (0)30 29493754<br \/>\nE-Mail: info[at]a-sachse.de<\/p>\n<p><a>Copyright:<\/a><\/p>\n<p>Alle Bilder, wenn nicht anders vermerkt \u00a9 Andreas Sachsenmaier | VG Bild-Kunst Bonn<\/p>\n<p><a>Umsatzsteuer ID:<\/a><\/p>\n<p>Umsatzsteuer-Identifikationsnummer gem\u00e4\u00df \u00a727 a Umsatzsteuergesetz:<br \/>\nDE 219948762<\/p>\n<p><a>Verantwortlich:<\/a><\/p>\n<p>f\u00fcr den Inhalt nach \u00a7 55 Abs. 2 RStV: siehe Anbieter<\/p>\n<p><a>Streitschlichtung:<\/a><\/p>\n<p><strong>Streitschlichtung<\/strong> nach \u00a7 36 VSBG (Verbraucherstreitbeilegungsgesetz):<br \/>\nDie Europ\u00e4ische Kommission stellt eine Plattform zur Online-Streitbeilegung (OS) bereit: https:\/\/ec.europa.eu\/consumers\/odr. Unsere E-Mail-Adresse finden Sie oben im Impressum. Wir sind nicht bereit oder verpflichtet, an Streitbeilegungsverfahren vor einer Verbraucherschlichtungsstelle teilzunehmen.<\/p>\n<p><a>Haftung f\u00fcr Inhalte<\/a><\/p>\n<p>Als Diensteanbieter sind wir gem\u00e4\u00df \u00a7 7 Abs.1 TMG f\u00fcr eigene Inhalte auf diesen Seiten nach den allgemeinen Gesetzen verantwortlich. Nach \u00a7\u00a7 8 bis 10 TMG sind wir als Diensteanbieter jedoch nicht verpflichtet, \u00fcbermittelte oder\u00a0 gespeicherte fremde Informationen zu \u00fcberwachen oder nach Umst\u00e4nden zu forschen, die auf eine rechtswidrige T\u00e4tigkeit hinweisen.<\/p>\n<p>Verpflichtungen zur Entfernung oder Sperrung der Nutzung von Informationen nach den allgemeinen Gesetzen bleiben hiervon unber\u00fchrt. Eine diesbez\u00fcgliche Haftung ist jedoch erst ab dem Zeitpunkt der Kenntnis einer konkreten Rechtsverletzung m\u00f6glich. Bei Bekanntwerden von entsprechenden Rechtsverletzungen werden wir diese Inhalte umgehend entfernen.<\/p>\n<p><a>Haftung f\u00fcr Links<\/a><\/p>\n<p>Unser Angebot enth\u00e4lt Links zu externen Websites Dritter, auf deren Inhalte wir keinen Einfluss haben. Deshalb k\u00f6nnen wir f\u00fcr diese fremden Inhalte auch keine Gew\u00e4hr \u00fcbernehmen. F\u00fcr die Inhalte der verlinkten Seiten ist stets der\u00a0 eweilige Anbieter oder Betreiber der Seiten verantwortlich. Die verlinkten Seiten wurden zum Zeitpunkt der Verlinkung auf m\u00f6gliche Rechtsverst\u00f6\u00dfe \u00fcberpr\u00fcft. Rechtswidrige Inhalte waren zum Zeitpunkt der Verlinkung nicht erkennbar.<br \/>\nEine permanente inhaltliche Kontrolle der verlinkten Seiten ist jedoch ohne konkrete Anhaltspunkte einer Rechtsverletzung nicht zumutbar. Bei Bekanntwerden von Rechtsverletzungen werden wir derartige Links umgehend entfernen.<\/p>\n<p><a>Urheberrecht:<\/a><\/p>\n<p>Die durch die Seitenbetreiber erstellten Inhalte und Werke auf diesen Seiten unterliegen dem deutschen Urheberrecht. Die Vervielf\u00e4ltigung, Bearbeitung, Verbreitung und jede Art der Verwertung au\u00dferhalb der Grenzen des Urheberrechtes<br \/>\nbed\u00fcrfen der schriftlichen Zustimmung des jeweiligen Autors bzw. Erstellers. Downloads und Kopien dieser Seite sind nur f\u00fcr den privaten, nicht kommerziellen Gebrauch gestattet.<\/p>\n<p>Soweit die Inhalte auf dieser Seite nicht vom Betreiber erstellt wurden, werden die Urheberrechte Dritter beachtet. Insbesondere werden Inhalte Dritter als solche gekennzeichnet. Sollten Sie trotzdem auf eine Urheberrechtsverletzung aufmerksam werden, bitten wir um einen entsprechenden Hinweis. Bei Bekanntwerden von Rechtsverletzungen werden wir derartige Inhalte umgehend entfernen<\/p>\n<p><a>Disclaimer &amp; Datenschutzerkl\u00e4rung<\/a><\/p>\n<p><strong>Pr\u00e4ambel<\/strong><br \/>\nUnsere Website bietet neben der rein informatorischen Nutzung verschiedene Leistungen an, die Sie bei Interesse nutzen k\u00f6nnen. Dazu m\u00fcssen Sie in der Regel weitere personenbezogene Daten angeben, die wir zur Erbringung der jeweiligen<br \/>\nLeistung nutzen und f\u00fcr die die nachstehend genannten Grunds\u00e4tze zur Datenverarbeitung gelten.<\/p>\n<p>\u00a7 1 Information \u00fcber die Erhebung\/Verarbeitung personenbezogener Daten<br \/>\n(1) Im Folgenden informieren wir \u00fcber die Erhebung\/Verarbeitung personenbezogener Daten bei Nutzung unserer Website. Personenbezogene Daten sind gem\u00e4\u00df Artikel 4 Nr. 1 DSGVO alle Informationen, die sich auf eine identifizierte oder identifizierbare nat\u00fcrliche Person beziehen. Personenbezogene Daten sind damit alle Daten, die auf Sie pers\u00f6nlich beziehbar sind, wie beispielsweise der Name, die Adresse, die Email-Adresse, das Nutzerverhalten und anderes.<\/p>\n<p>(2) Verarbeiten ist gem\u00e4\u00df Artikel 4 Nr. 2 DSGVO jeder mit oder ohne Hilfe automatisierter Verfahren ausgef\u00fchrte Vorgang oder jede solche Vorgangsreihe im Zusammenhang mit personenbezogenen Daten wie das Erheben, das Erfassen, die Organisation, das Ordnen, die Speicherung, die Anpassung oder Ver\u00e4nderung, das Auslesen, das Abfragen, die Verwendung, die Offenlegung durch \u00dcbermittlung, Verbreitung oder eine andere Form der Bereitstellung, den Abgleich oder die Verkn\u00fcpfung, die Einschr\u00e4nkung, das L\u00f6schen oder die Vernichtung.<\/p>\n<p>\u00a7 2 Verantwortlicher und Datenschutzbeauftragter<br \/>\n(1) Verantwortlicher ist gem\u00e4\u00df Art. 4 Nr. 7 DSGVO:<br \/>\nsiehe Impressum<\/p>\n<p>(2) Unser Datenschutzbeauftragter gem\u00e4\u00df Art. 37 DSGVO ist:<br \/>\nsiehe Impressum<\/p>\n<p>\u00a7 3 Welche Daten werden konkret erhoben\/Einsatz von Cookies u.a.<br \/>\n(1) Wir nutzen auf unserer Website aus Sicherheitsgr\u00fcnden und zum Schutz der \u00dcbertragung von vertraulichen Inhalten, die Sie an uns senden, eine SSL- bzw. TLSVerschl\u00fcsselung. Dies hat zur Folge, dass die \u00fcbermittelten Daten nicht mitlesbar von Dritten sind. Zu erkennen ist die verschl\u00fcsselte Verbindung f\u00fcr Sie daran, dass in Ihrem Browser in der Adresszeile \u201ehttps:\/\/\u201c steht und zudem ein Schlosssymbol angezeigt wird.<\/p>\n<p>(2) Bei der blo\u00df informatorischen Nutzung der Website, also wenn Sie sich nicht registrieren oder uns anderweitig Informationen \u00fcbermitteln, erheben wir nur die personenbezogenen Daten, die Ihr Browser an unseren Server \u00fcbermittelt. Wenn Sie unsere Website betrachten m\u00f6chten, erheben wir folgende Daten, die f\u00fcr uns technisch erforderlich sind, um Ihnen unsere Website anzuzeigen und die Stabilit\u00e4t und Sicherheit zu gew\u00e4hrleisten (Rechtsgrundlage: Art 6 I 1 f) DSGVO):<\/p>\n<p>1. IP-Adresse,<br \/>\n2. Datum und Uhrzeit der Anfrage,<br \/>\n3. Zeitzonendifferenz zur Greenwich Mean Time (GMT),<br \/>\n4. Inhalt der Anforderung (konkrete Seite),<br \/>\n5. Zugriffsstatus\/http-Statuscode,<br \/>\n6. Jeweils \u00fcbertragene Datenmenge,<br \/>\n7. Website, von der die Anforderung kommt,<br \/>\n8. Browser,<br \/>\n9. Betriebssystem und dessen Oberfl\u00e4che,<br \/>\n10. Sprache und Version der Browsersoftware.<\/p>\n<p>(3) Zus\u00e4tzlich zu den zuvor genannten Daten werden bei Ihrer Nutzung unserer Website Cookies auf Ihrem Browser gespeichert. Bei Cookies handelt es sich um kleine Textdateien, die auf Ihrer Festplatte dem von Ihnen verwendeten Browser zugeordnet gespeichert werden und durch welche der Stelle, die den Cookie setzt (hier durch uns), bestimmte Informationen zuflie\u00dfen. Cookies k\u00f6nnen keine Programme ausf\u00fchren oder Viren auf Ihren Computer \u00fcbertragen. Sie dienen dazu, das Internetangebot insgesamt nutzerfreundlicher und effektiver zu machen.<\/p>\n<p>(4) Einsatz von Cookies:<\/p>\n<p>1. Diese Website nutzt folgende Arten von Cookies, deren Umfang und Funktionsweise im Folgenden erl\u00e4utert werden:<br \/>\n\u2013 Transiente Cookies (dazu 2.)<br \/>\n\u2013 Persistente Cookies (dazu 3.)<\/p>\n<p>2. Transiente Cookies werden automatisiert gel\u00f6scht, wenn Sie den Browser schlie\u00dfen. Dazu z\u00e4hlen insbesondere Session-Cookies. Diese speichern eine sogenannte Session-ID, mit welcher sich verschiedene Anfragen Ihres<br \/>\nBrowsers der gemeinsamen Sitzung zuordnen lassen. Dadurch kann Ihr Rechner wiedererkannt werden, wenn Sie auf unsere Website zur\u00fcckkehren. Die Session-Cookies werden gel\u00f6scht, wenn Sie sich ausloggen oder den Browser schlie\u00dfen.<\/p>\n<p>3. Persistente Cookies werden automatisiert nach einer vorgegebenen Dauer gel\u00f6scht, die sich je nach Cookie unterscheiden kann. Sie k\u00f6nnen die Cookies in den Sicherheitseinstellungen Ihres Browsers jederzeit l\u00f6schen.<\/p>\n<p>4. Sie k\u00f6nnen Ihre Browsereinstellungen entsprechend Ihren W\u00fcnschen konfigurieren und z.B. die Annahme von Third-Party Cookies oder allen Cookies ablehnen. Ferner k\u00f6nnen Sie ein Browser-Plugin unter https:\/\/tools.google.com\/dlpage\/gaoptout?hl=de herunterladen und installieren, um die durch den Cookie erfassten Daten an Google sowie Verarbeitung durch Google zu verhindern. Wir weisen Sie darauf hin, dass Sie in diesem Fall eventuell nicht alle Funktionen dieser Website nutzen k\u00f6nnen.<\/p>\n<p>5. Cookies, die zur Durchf\u00fchrung des elektronischen Kommunikationsvorgangs oder zur Bereitstellung bestimmter, von Ihnen erw\u00fcnschter Funktionen (z.B. Warenkorbfunktion u.a.) erforderlich sind, werden auf Grundlage von Art. 6 I1 f) DSGVO gespeichert. Der Websitebetreiber hat ein berechtigtes Interesse an der Speicherung von Cookies zur technisch fehlerfreien und optimierten Bereitstellung seiner Dienste. Soweit andere Cookies (z.B. Cookies zur Analyse Ihres Surfverhaltens) gespeichert werden, werden diese in dieser Datenschutzerkl\u00e4rung gesondert behandelt.<\/p>\n<p>6. Die genutzten Flash-Cookies werden nicht durch Ihren Browser erfasst, sondern durch Ihr Flash-Plug-in. Weiterhin nutzen wir HTML5 storage objects, die auf Ihrem Endger\u00e4t abgelegt werden. Diese Objekte speichern die erforderlichen Daten unabh\u00e4ngig von Ihrem verwendeten Browser und haben kein automatisches Ablaufdatum. Wenn Sie keine Verarbeitung der Flash-Cookies w\u00fcnschen, m\u00fcssen Sie ein entsprechendes Add-On installieren. Die Nutzung von HTML5 storage objects k\u00f6nnen Sie verhindern, indem Sie in Ihrem Browser den privaten Modus einsetzen. Zudem empfehlen wir, regelm\u00e4\u00dfig Ihre Cookies und den Browser-Verlauf manuell zu l\u00f6schen.<\/p>\n<p>(5) Diese Website nutzt Funktionen des Webanalysedienstes Google Analytics. Anbieter ist die Google Inc., 1600 Amphitheatre Parkway, Mountain View, CA 94043, USA. Google Analytics verwendet so genannte \u201eCookies\u201c. Das sind Textdateien, die auf Ihrem Computer gespeichert werden und die eine Analyse der Benutzung der Website durch Sie erm\u00f6glichen. Die durch den Cookie erzeugten Informationen \u00fcber Ihre Benutzung dieser Website werden in der Regel an einen Server von Google in den USA \u00fcbertragen und dort gespeichert. Die Speicherung von Google-Analytics-Cookies erfolgt auf Grundlage von Art. 6 I 1 f) DSGVO. Der Websitebetreiber hat ein berechtigtes Interesse an der Analyse des Nutzerverhaltens, um sowohl sein Webangebot als auch seine Werbung zu optimieren. Wir haben mit Google einen Vertrag zur Auftragsdatenverarbeitung geschlossen und setzen die strengen Vorgaben der deutschen Datenschutzbeh\u00f6rde bei der Nutzung von Google Analytics um. Weitergehende Informationen erhalten Sie in der Datenschutzerkl\u00e4rung von Google unter https:\/\/support.google.com\/analytics\/answer\/6004245?hl=de. Sie k\u00f6nnen Google Analytics auch jederzeit deaktivieren, vgl. \u00a7 8 (3).<\/p>\n<p>(6) Wir haben auf dieser Website die Funktion IP-Anonymisierung aktiviert. Dadurch wird Ihre IP-Adresse von Google innerhalb von Mitgliedstaaten der Europ\u00e4ischen Union oder in anderen Vertragsstaaten des Abkommens \u00fcber den Europ\u00e4ischen Wirtschaftsraum vor der \u00dcbermittlung in die USA gek\u00fcrzt. Nur in Ausnahmef\u00e4llen wird die volle IP-Adresse an einen Server von Google in den USA \u00fcbertragen und dort gek\u00fcrzt. Im Auftrag des Betreibers dieser Website wird Google diese Informationen benutzen, um Ihre Nutzung der Website auszuwerten, um Reports \u00fcber die Websiteaktivit\u00e4ten zusammenzustellen und um weitere mit der Websitenutzung und der Internetnutzung verbundene Dienstleistungen gegen\u00fcber dem Websitebetreiber zu erbringen. Die im Rahmen von Google Analytics von Ihrem Browser \u00fcbermittelte IP-Adresse wird nicht mit anderen Daten von Google zusammengef\u00fchrt.<\/p>\n<p>(7) Wir nutzen \u201cGoogle reCAPTCHA\u201d (im Folgenden \u201creCAPTCHA\u201d) auf unseren Websites. Anbieter ist die Google Inc., 1600 Amphitheatre Parkway, Mountain View, CA 94043, USA (\u201cGoogle\u201d). Mit reCAPTCHA soll \u00fcberpr\u00fcft werden, ob die Dateneingabe auf unseren Websites (z.B. in einem Kontaktformular) durch einen Menschen oder durch ein automatisiertes Programm erfolgt. Hierzu analysiert reCAPTCHA das Verhalten des Websitebesuchers anhand verschiedener Merkmale. Diese Analyse beginnt automatisch, sobald der Websitebesucher die Website betritt. Zur Analyse wertet reCAPTCHA verschiedene Informationen aus (z.B. IP-Adresse, Verweildauer des Websitebesuchers auf der Website oder vom Nutzer get\u00e4tigte Mausbewegungen). Die bei der Analyse erfassten Daten werden an Google weitergeleitet. Die reCAPTCHAAnalysen laufen vollst\u00e4ndig im Hintergrund. Websitebesucher werden nicht darauf hingewiesen, dass eine Analyse stattfindet. Die Datenverarbeitung erfolgt auf Grundlage von Art. 6 I 1 f) DSGVO. Der Websitebetreiber hat ein berechtigtes Interesse daran, seine Webangebote vor missbr\u00e4uchlicher automatisierter Aussp\u00e4hung und vor SPAM zu sch\u00fctzen. Weitere Informationen zu Google reCAPTCHA sowie die Datenschutzerkl\u00e4rung von Google entnehmen Sie folgenden Links: https:\/\/www.google.com\/intl\/de\/policies\/privacy\/ und https:\/\/www.google.com\/recaptcha\/intro\/android.html.<\/p>\n<p>(8) Unsere Website nutzt Plugins der von Google betriebenen Seite YouTube. Betreiber der Seiten ist die YouTube, LLC, 901 Cherry Ave., San Bruno, CA 94066, USA. Wenn Sie eine unserer mit einem YouTube-Plugin ausgestatteten Seiten besuchen, wird eine Verbindung zu den Servern von YouTube hergestellt. Dabei wird dem YouTube-Server mitgeteilt, welche unserer Seiten Sie besucht haben. Wenn Sie in Ihrem YouTube-Account eingeloggt sind, erm\u00f6glichen Sie YouTube, Ihr Surfverhalten direkt Ihrem pers\u00f6nlichen Profil zuzuordnen. Dies k\u00f6nnen Sie verhindern, indem Sie sich aus Ihrem YouTube-Account ausloggen. Die Nutzung von YouTube erfolgt im Interesse einer ansprechenden Darstellung unserer Online- Angebote. Dies stellt ein berechtigtes Interesse im Sinne von Art. 6 I 1 f DSGVO dar. Weitere Informationen zum Umgang mit Nutzerdaten finden Sie in der Datenschutzerkl\u00e4rung von YouTube unter: https:\/\/www.google.de\/intl\/de\/policies\/privacy.<\/p>\n<p>(9) Diese Seite nutzt zur einheitlichen Darstellung von Schriftarten so genannte Web Fonts, die von Google bereitgestellt werden. Beim Aufruf einer Seite l\u00e4dt Ihr Browser die ben\u00f6tigten Web Fonts in ihren Browsercache, um Texte und Schriftarten korrekt anzuzeigen. Zu diesem Zweck muss der von Ihnen verwendete Browser Verbindung zu den Servern von Google aufnehmen. Hierdurch erlangt Google Kenntnis dar\u00fcber, dass \u00fcber Ihre IP-Adresse unsere Website aufgerufen wurde. Die Nutzung von Google Web Fonts erfolgt im Interesse einer einheitlichen und ansprechenden Darstellung unserer Online-Angebote. Dies stellt ein berechtigtes Interesse im Sinne von Art. 6 I 1 f) DSGVO dar. Wenn Ihr Browser Web Fonts nicht unterst\u00fctzt, wird eine Standardschrift von Ihrem Computer genutzt. Weitere Informationen zu Google Web Fonts finden Sie unter https:\/\/developers.google.com\/fonts\/faq und in der Datenschutzerkl\u00e4rung von Google: https:\/\/www.google.com\/policies\/privacy\/.<\/p>\n<p>(10) Wenn Sie den Newsletter, den wir auf unserer Website anbieten, beziehen m\u00f6chten, ben\u00f6tigen wir von Ihnen Ihre Email-Adresse sowie weitere Informationen, welche uns die \u00dcberpr\u00fcfung gestatten, dass auch Sie der Inhaber der angegebenen Email-Adresse sind und mit dem Empfang des Newsletters einverstanden sind. Weitere Daten werden nicht erhoben bzw. nur auf freiwilliger Basis. Diese Daten werden ausschlie\u00dflich f\u00fcr den Versand der angeforderten Informationen verwendet und nicht an Dritte weitergegeben. Da die Verarbeitung der in dem f\u00fcr den Newsletter zur Verf\u00fcgung gestellten Anmeldeformular ausschlie\u00dflich auf Ihrer Einwilligung erfolgt, ist die Rechtsgrundlage f\u00fcr die Verarbeitung Art 6 I 1 a.) DSGVO. Sie haben jedoch das Recht, Ihre Einwilligung jederzeit zu widerrufen, indem Sie den \u201eAustragen\u201c-Link im Newsletter anklicken\/bet\u00e4tigen. Davon unber\u00fchrt bleibt die Rechtm\u00e4\u00dfigkeit des erfolgten Datenverarbeitungsvorgangs. Die hinterlegten Daten werden sodann gespeichert und gel\u00f6scht, bis Sie sich aus dem Newsletter ausgetragen haben oder diesen abbestellt haben.<\/p>\n<p>(11) Unsere Website nutzt \u00fcber eine API, d.h. eine Schnittstelle zur Anwendungsprogrammierung, den Kartendienst Google Maps. Anbieter ist die Google Inc., 1600 Amphitheatre Parkway, Mountain View, CA 94043, USA (\u201cGoogle\u201d). F\u00fcr die Nutzung dieses Dienstes muss Ihre IP-Adresse gespeichert werden. Diese Informationen werden in der Regel an einen Server von Google in den USA \u00fcbertragen und dort gespeichert. Wir als Anbieter dieser Seite haben keinen Einfluss auf diese Daten\u00fcbertragung. Die Nutzung von Google Maps erfolgt im Interesse einer ansprechenden Darstellung unserer Online-Angebote und an einer leichten Auffindbarkeit der von uns auf der Website angegebenen Orte. Dies stellt ein berechtigtes Interesse im Sinne von Art. 6 I 1 f.) DSGVO dar. Weitere Informationen finden Sie auch in der Datenschutzerkl\u00e4rung von Google: https:\/\/www.google.com\/policies\/privacy\/ .<\/p>\n<p>\u00a7 4 Zweck der Erhebung\/Verarbeitung personenbezogener Daten bei Besuch unserer Website; Rechtsgrundlage<\/p>\n<p>(1) Bei Ihrer Kontaktaufnahme mit uns per E-Mail oder \u00fcber ein Kontaktformular werden auf der Grundlage von Art. 6 I 1 a) DSGVO die von Ihnen mitgeteilten Daten (Ihre E-Mail-Adresse, ggf. Ihr Name sowie Telefonnummer und anderes) von uns gespeichert, um Ihre Fragen, Belange, Anfragen und W\u00fcnsche, die im Zusammenhang mit unserer Leistung stehen, zu beantworten. Nur durch Erhalt Ihrer personenbezogenen Daten ist es uns m\u00f6glich, Ihre individuellen Fragen, Belange, Anfragen und W\u00fcnsche konkret zu bearbeiten.<\/p>\n<p>(2) Falls Sie uns eine direkte Einwilligung i.S.v. Art. 4 Nr.11 DSGVO erteilt haben, beruht die Erhebung\/Verarbeitung Ihrer personenbezogenen Daten auf Art. 6 I 1 a) DSGVO.<\/p>\n<p>(3) Auf die in \u00a7 3 einzelnen jeweils benannten Rechtsgrundlagen wird nochmals ausdr\u00fccklich verwiesen.<\/p>\n<p>(4) Wir beabsichtigen nicht, Ihre personenbezogenen Daten f\u00fcr einen anderen als den in \u00a7 4 I der Datenschutzerkl\u00e4rung vorgesehenen Zweck zu verwenden.<\/p>\n<p>\u00a7 5 Dauer der Speicherung\/L\u00f6schen der personenbezogenen Daten<\/p>\n<p>Die in diesem Zusammenhang anfallenden personenbezogenen Daten l\u00f6schen wir, nachdem die Speicherung nicht mehr erforderlich ist (bspw. durch Entfallen des Zwecks u.a.), oder schr\u00e4nken die Verarbeitung ein, falls gesetzliche Aufbewahrungsfristen bestehen.<\/p>\n<p>\u00a7 6 Ihre Rechte im \u00dcberblick<\/p>\n<p>(1) Grunds\u00e4tzlich haben Sie gegen\u00fcber uns folgende Rechte hinsichtlich der Sie betreffenden personenbezogenen Daten:<\/p>\n<p>1. Recht auf Auskunft gem\u00e4\u00df Art. 15 DSGVO,<br \/>\n2. Recht auf Berichtigung gem\u00e4\u00df Art. 16 DSGVO oder L\u00f6schung gem\u00e4\u00df Art. 17 DSGVO,<br \/>\n3. Recht auf Einschr\u00e4nkung der Verarbeitung gem\u00e4\u00df Art. 18 DSGVO,<br \/>\n4. Recht auf Widerspruch gegen die Verarbeitung gem\u00e4\u00df Art. 21 DSGVO,<br \/>\n5. Recht auf Daten\u00fcbertragbarkeit gem\u00e4\u00df Art. 20 DSGVO,<br \/>\n6. Recht auf Benachrichtigung \u00fcber die Verletzung des Schutzes Ihrer personenbezogenen Daten durch den Verantwortlichen gem\u00e4\u00df Art. 34 DSGVO.<\/p>\n<p>(2) Wenden Sie sich dazu an uns und nehmen Kontakt \u00fcber die unter \u00a7 2 hinterlegten Daten auf.<\/p>\n<p>\u00a7 7 Widerruf<\/p>\n<p>Falls Sie gem\u00e4\u00df Art. 6 I 1 a) DSGVO eine Einwilligung zur Erhebung\/Verarbeitung Ihrer personenbezogenen Daten erteilt haben, k\u00f6nnen Sie diese jederzeit nach Art. 7 III DSGVO widerrufen. Ein solcher Widerruf beeinflusst die Zul\u00e4ssigkeit der Verarbeitung Ihrer personenbezogenen Daten, nachdem Sie ihn gegen\u00fcber uns ausgesprochen haben.<\/p>\n<p>\u00a7 8 Widerspruch \/ Google Analytics<\/p>\n<p>(1) Soweit wir die Erhebung\/Verarbeitung Ihrer personenbezogenen Daten auf die Interessenabw\u00e4gung gem\u00e4\u00df Art. 6 I 1 f) DSGVO st\u00fctzen, k\u00f6nnen Sie nach Art. 21 I DSGVO Widerspruch gegen die Verarbeitung einlegen. Dies ist der Fall, wenn die Verarbeitung insbesondere nicht zur Erf\u00fcllung eines Vertrags mit Ihnen erforderlich ist. Bei Aus\u00fcbung eines solchen Widerspruchs bitten wir um Darlegung der Gr\u00fcnde, weshalb wir Ihre personenbezogenen Daten nicht wie von uns durchgef\u00fchrt verarbeiten sollten. Im Falle Ihres begr\u00fcndeten Widerspruchs pr\u00fcfen wir die Sachlage und werden entweder die Datenverarbeitung einstellen bzw. anpassen oder Ihnen unsere zwingenden schutzw\u00fcrdigen Gr\u00fcnde aufzeigen, aufgrund derer wir die Verarbeitung fortf\u00fchren.<\/p>\n<p>(2) Selbstverst\u00e4ndlich k\u00f6nnen Sie der Erhebung\/Verarbeitung Ihrer personenbezogenen Daten f\u00fcr Zwecke der Werbung und Datenanalyse gem\u00e4\u00df Art. 21 II DSGVO jederzeit widersprechen. \u00dcber Ihren Werbewiderspruch k\u00f6nnen Sie uns unter unseren angegebenen Kontaktdaten informieren.<\/p>\n<p>(3) Google Analytics k\u00f6nnen Sie unter folgendem Link deaktivieren: Google Analytics deaktivieren<\/p>\n<p>\u00a7 9 Beschwerderecht bei dem Landesbeauftragten f\u00fcr Datenschutz<\/p>\n<p>Sie haben zudem gem\u00e4\u00df Art. 77 DSGVO das Recht, sich bei einer Datenschutz- Aufsichtsbeh\u00f6rde \u00fcber die Erhebung\/Verarbeitung Ihrer personenbezogenen Daten durch uns zu beschweren. Zust\u00e4ndige Datenschutzbeh\u00f6rde ist:<\/p>\n<p>Berliner Beauftragte f\u00fcr Datenschutz und Informationsfreiheit<br \/>\nFriedrichstr. 219<br \/>\nBesuchereingang: Puttkamerstr. 16 \u2013 18 (5. Etage)<br \/>\n10969 Berlin<br \/>\nTelefon: 030 13889-0<br \/>\nTelefax: 030 2155050<br \/>\nE-Mail: <a href=\"mailto:mailbox@datenschutz-berlin.de\">mailbox@datenschutz-berlin.de<\/a><\/p>\n<p>\u00a7 10 Stand<\/p>\n<p>Stand dieser Datenschutzerkl\u00e4rung: Mai 2018. Wir behalten uns vor, die Datenschutzerkl\u00e4rung zu aktualisieren.<\/p>\n","protected":false},"excerpt":{"rendered":"<p>Anbieter: Andreas Sachsenmaier, Kinzigstra\u00dfe 9, 10247 Berlin Telefon: ++49 (0)30 29493754 E-Mail: info[at]a-sachse.de Copyright: Alle Bilder, wenn nicht anders vermerkt \u00a9 Andreas Sachsenmaier | VG Bild-Kunst Bonn Umsatzsteuer ID: Umsatzsteuer-Identifikationsnummer gem\u00e4\u00df \u00a727 a Umsatzsteuergesetz: DE 219948762 Verantwortlich: f\u00fcr den Inhalt nach \u00a7 55 Abs. 2 RStV: siehe Anbieter Streitschlichtung: Streitschlichtung nach \u00a7 36 VSBG (Verbraucherstreitbeilegungsgesetz): &hellip; <\/p>\n<p class=\"link-more\"><a href=\"https:\/\/a-sachse.de\/wo\/impressum\/\" class=\"more-link\"><span class=\"screen-reader-text\">\u201eimpressum\u201c<\/span> weiterlesen<\/a><\/p>\n","protected":false},"author":1,"featured_media":0,"parent":0,"menu_order":0,"comment_status":"closed","ping_status":"closed","template":"","meta":{"footnotes":""},"class_list":["post-14","page","type-page","status-publish","hentry"],"_links":{"self":[{"href":"https:\/\/a-sachse.de\/wo\/wp-json\/wp\/v2\/pages\/14","targetHints":{"allow":["GET"]}}],"collection":[{"href":"https:\/\/a-sachse.de\/wo\/wp-json\/wp\/v2\/pages"}],"about":[{"href":"https:\/\/a-sachse.de\/wo\/wp-json\/wp\/v2\/types\/page"}],"author":[{"embeddable":true,"href":"https:\/\/a-sachse.de\/wo\/wp-json\/wp\/v2\/users\/1"}],"replies":[{"embeddable":true,"href":"https:\/\/a-sachse.de\/wo\/wp-json\/wp\/v2\/comments?post=14"}],"version-history":[{"count":15,"href":"https:\/\/a-sachse.de\/wo\/wp-json\/wp\/v2\/pages\/14\/revisions"}],"predecessor-version":[{"id":9983,"href":"https:\/\/a-sachse.de\/wo\/wp-json\/wp\/v2\/pages\/14\/revisions\/9983"}],"wp:attachment":[{"href":"https:\/\/a-sachse.de\/wo\/wp-json\/wp\/v2\/media?parent=14"}],"curies":[{"name":"wp","href":"https:\/\/api.w.org\/{rel}","templated":true}]}}